{"id":213,"date":"2020-10-29T11:57:13","date_gmt":"2020-10-29T11:57:13","guid":{"rendered":"https:\/\/www.foodserviceagent.com\/?page_id=213"},"modified":"2020-10-30T13:52:16","modified_gmt":"2020-10-30T13:52:16","slug":"protrail","status":"publish","type":"page","link":"https:\/\/www.foodserviceagent.com\/?page_id=213","title":{"rendered":"ProTrail"},"content":{"rendered":"\n<h3 class=\"wp-block-heading\">Beschreibung<\/h3>\n\n\n\n<p>Der Verkaufsanh\u00e4nger Protrail<br>3 Verkaufsklappen mit Gasdruckfedern und Sturmsicherung<br>Innenraum: Laderauml\u00e4nge 2500mm, Laderaumbreite 1500mm, Laderaumh\u00f6he 2000mm<br>Vinylboden Holzoptik<br>Zugangst\u00fcre \u00fcber die Deichsel<br>Innenbeleuchtung mit Lichtschalter<br>Stromanlage 240 Volt<br>Doppelsteckdose<br>Theken innen mit Stauraum unten<br>Theken au\u00dfen mit Taschenablage<br>Rangiergriffe<br>verstellbare St\u00fctzen<br>30mm Sandwichw\u00e4nde<br>Zul\u00e4ssiges Gesamtgewicht 750kg, Gewichtserh\u00f6hung auf 1300kg, Nutzlast 895 kg<br>Auflaufbremse<br>100er Zulassung<br>Diebstahlsicherung<br>Au\u00dfenwerbung<br><br><strong>Beschreibung<\/strong><br>Kompakte Ma\u00dfe, flexibel einsetzbar durch 3 Verkaufsklappen.<br>Innenraum leer mit Theken ca. 895kg Nutzlast im Fahrbetrieb.<br>Erforderliche Zugfahrzeuge: Transporter \/ Gel\u00e4ndewagen \/ PKW bei Anh\u00e4ngelast &lt;750kg \/ Kugelkopfkupplung.<br>Leermasse ca. 405kg<br>Als Mobiler Markstand, f\u00fcr Partys &amp; Events, Stadtfeste, Promotion Stand, Veranstaltungen,<br>als Kassenhaus,<br>Verkauf von losen Produkten, Nonfood, Blumen, Trockenfood verpackt und vieles mehr.<br><br><strong>Wichtige Information zur Abholung:<\/strong><br>Abholung nur w\u00e4hrend der Gesch\u00e4ftszeiten m\u00f6glich.<br>Abstellen auch au\u00dferhalb der \u00d6ffnungszeiten m\u00f6glich.<br><br>Die Miete ist f\u00e4llig bei Vertragsabschluss zzgl. der Kaution in bar oder Vorrab<br><br>Kaution nur bar bei Vertragsabschluss f\u00fcr<br>Inlandsfahrten mind. 300\u20ac,&nbsp; Auslandsfahrten 500\u20ac; Ohne Kaution keine Vermietung!<br>Versicherung: Teilkasko mit Selbstbeteiligung 150\u20ac , Vollkasko 1000 Euro Selbstbeteiligung<br>G\u00fcltiger Personalausweis mit aktueller Wohnanschrift bzw. gewerbliche Kunden mit Gewerbeanmeldung oder Briefkopf.<br>Fahrerlaubnis des Fahrers ist vorzulegen<br><br>Inhalte, Bilder, Texte und Logos sind urheberrechtlich und markenrechtlich gesch\u00fctzt<br><br><strong>Miete und Konditionen:<\/strong><br>&nbsp;&nbsp;&nbsp;&nbsp;&nbsp;&nbsp;&nbsp;&nbsp;&nbsp;&nbsp;&nbsp; Gesamt&nbsp;&nbsp;&nbsp;&nbsp;&nbsp;&nbsp; &nbsp; &nbsp; &nbsp; &nbsp; &nbsp; je Tag<br>1 Tag&nbsp;&nbsp;&nbsp;&nbsp;&nbsp; 89,00 \u20ac &nbsp;&nbsp;&nbsp;&nbsp;&nbsp;&nbsp;&nbsp;&nbsp;&nbsp;&nbsp;&nbsp;&nbsp;&nbsp;&nbsp; &nbsp;89,00 \u20ac<br>2 Tage&nbsp;&nbsp;&nbsp; 139,00 \u20ac &nbsp;&nbsp;&nbsp;&nbsp;&nbsp;&nbsp;&nbsp;&nbsp;&nbsp;&nbsp;&nbsp;&nbsp; &nbsp;69,50 \u20ac<br>3 Tage&nbsp;&nbsp;&nbsp; 179,00 \u20ac &nbsp;&nbsp;&nbsp;&nbsp;&nbsp;&nbsp;&nbsp;&nbsp;&nbsp;&nbsp;&nbsp;&nbsp; &nbsp;59,67 \u20ac<br>4 Tage&nbsp;&nbsp;&nbsp; 229,00 \u20ac &nbsp;&nbsp;&nbsp;&nbsp;&nbsp;&nbsp;&nbsp;&nbsp;&nbsp;&nbsp;&nbsp;&nbsp; &nbsp;57,25 \u20ac<br>7 Tage&nbsp;&nbsp;&nbsp; 289,00 \u20ac &nbsp;&nbsp;&nbsp;&nbsp;&nbsp;&nbsp;&nbsp;&nbsp;&nbsp;&nbsp;&nbsp;&nbsp; &nbsp;41,29 \u20ac<br>10 Tage&nbsp; 319,00 \u20ac &nbsp;&nbsp;&nbsp;&nbsp;&nbsp;&nbsp;&nbsp;&nbsp;&nbsp;&nbsp;&nbsp;&nbsp; &nbsp;31,90 \u20ac<br>14 Tage&nbsp; 369,00 \u20ac &nbsp;&nbsp;&nbsp;&nbsp;&nbsp;&nbsp;&nbsp;&nbsp;&nbsp;&nbsp;&nbsp;&nbsp; &nbsp;26,36 \u20ac<br>21 Tage&nbsp; 489,00 \u20ac &nbsp;&nbsp;&nbsp;&nbsp;&nbsp;&nbsp;&nbsp;&nbsp;&nbsp;&nbsp;&nbsp;&nbsp; &nbsp;23,29 \u20ac<br>30 Tage&nbsp; 599,00 \u20ac &nbsp;&nbsp;&nbsp;&nbsp;&nbsp;&nbsp;&nbsp;&nbsp;&nbsp;&nbsp;&nbsp;&nbsp; &nbsp;19,97 \u20ac<br><br>Mietpreis inkl. MwSt. und Versicherung<br><br>Bei Langzeitmiete g\u00fcnstigere Konditionen anfragen<\/p>\n\n\n\n<p>Anfragen \u00fcber<\/p>\n\n\n\n<p><a href=\"https:\/\/www.mietmeile.de\/fahrzeuge\/anhaenger\/verkaufsanhaenger\/334948\/verkaufsanhaenger-protrail-mieten\">https:\/\/www.mietmeile.de\/fahrzeuge\/anhaenger\/verkaufsanhaenger\/334948\/verkaufsanhaenger-protrail-mieten<\/a><\/p>\n","protected":false},"excerpt":{"rendered":"<p>Beschreibung Der Verkaufsanh\u00e4nger Protrail3 Verkaufsklappen mit Gasdruckfedern und SturmsicherungInnenraum: Laderauml\u00e4nge 2500mm, Laderaumbreite 1500mm, Laderaumh\u00f6he 2000mmVinylboden HolzoptikZugangst\u00fcre \u00fcber die DeichselInnenbeleuchtung mit LichtschalterStromanlage 240 VoltDoppelsteckdoseTheken innen mit Stauraum untenTheken au\u00dfen mit TaschenablageRangiergriffeverstellbare St\u00fctzen30mm Sandwichw\u00e4ndeZul\u00e4ssiges Gesamtgewicht 750kg, Gewichtserh\u00f6hung auf 1300kg, Nutzlast 895 kgAuflaufbremse100er ZulassungDiebstahlsicherungAu\u00dfenwerbung BeschreibungKompakte Ma\u00dfe, flexibel einsetzbar durch 3 Verkaufsklappen.Innenraum leer mit Theken ca. 895kg Nutzlast im &hellip; <\/p>\n<p class=\"link-more\"><a href=\"https:\/\/www.foodserviceagent.com\/?page_id=213\" class=\"more-link\"><span class=\"screen-reader-text\">\u201eProTrail\u201c<\/span> weiterlesen<\/a><\/p>\n","protected":false},"author":1,"featured_media":221,"parent":0,"menu_order":0,"comment_status":"closed","ping_status":"closed","template":"","meta":{"footnotes":""},"class_list":["post-213","page","type-page","status-publish","has-post-thumbnail","hentry"],"_links":{"self":[{"href":"https:\/\/www.foodserviceagent.com\/index.php?rest_route=\/wp\/v2\/pages\/213","targetHints":{"allow":["GET"]}}],"collection":[{"href":"https:\/\/www.foodserviceagent.com\/index.php?rest_route=\/wp\/v2\/pages"}],"about":[{"href":"https:\/\/www.foodserviceagent.com\/index.php?rest_route=\/wp\/v2\/types\/page"}],"author":[{"embeddable":true,"href":"https:\/\/www.foodserviceagent.com\/index.php?rest_route=\/wp\/v2\/users\/1"}],"replies":[{"embeddable":true,"href":"https:\/\/www.foodserviceagent.com\/index.php?rest_route=%2Fwp%2Fv2%2Fcomments&post=213"}],"version-history":[{"count":4,"href":"https:\/\/www.foodserviceagent.com\/index.php?rest_route=\/wp\/v2\/pages\/213\/revisions"}],"predecessor-version":[{"id":222,"href":"https:\/\/www.foodserviceagent.com\/index.php?rest_route=\/wp\/v2\/pages\/213\/revisions\/222"}],"wp:featuredmedia":[{"embeddable":true,"href":"https:\/\/www.foodserviceagent.com\/index.php?rest_route=\/wp\/v2\/media\/221"}],"wp:attachment":[{"href":"https:\/\/www.foodserviceagent.com\/index.php?rest_route=%2Fwp%2Fv2%2Fmedia&parent=213"}],"curies":[{"name":"wp","href":"https:\/\/api.w.org\/{rel}","templated":true}]}}